{"id":7,"date":"2015-04-22T13:26:04","date_gmt":"2015-04-22T12:26:04","guid":{"rendered":"http:\/\/www.grottes-medous.com\/fr\/?page_id=7"},"modified":"2015-04-24T14:41:06","modified_gmt":"2015-04-24T13:41:06","slug":"visite-des-grottes-de-medous","status":"publish","type":"page","link":"https:\/\/www.grottes-medous.com\/fr\/visite-des-grottes-de-medous\/","title":{"rendered":"Visite des Grottes de M\u00e9dous"},"content":{"rendered":"<h2 style=\"text-align: center;\">Les Grottes de Medous dans les Hautes-Pyr\u00e9n\u00e9es<\/h2>\n<p style=\"text-align: center;\"><strong>Class\u00e9es 3\u00e8me du monde par F. HERZOG, sont un v\u00e9ritable hommage \u00e0 la nature, \u00e0 son travail, \u00e0 sa beaut\u00e9.<\/strong><\/p>\n<p style=\"text-align: justify;\"><em>Avant de visiter les grottes de Medous,<\/em> vous p\u00e9n\u00e9trerez dans le parc verdoyant, point de d\u00e9part et terminus de cette inoubliable visite. On y retrouve les beaux arbres ombrageant de nombreux ruisseaux aliment\u00e9s par un bassin semi-circulaire. Ce bassin arr\u00eate les eaux de la source jaillissant \u00e0 flots de 2 cavit\u00e9s voisines.<\/p>\n<p style=\"text-align: center;\"><div class=\"row\"><div class=\"col-md-4\"><img loading=\"lazy\" decoding=\"async\" class=\"alignnone wp-image-45 size-full\" title=\"Parc des Grottes de Medous\" src=\"http:\/\/www.grottes-medous.com\/fr\/wp-content\/uploads\/2015\/04\/parc.jpg\" alt=\"Parc des Grottes de Medous\" width=\"320\" height=\"240\" srcset=\"https:\/\/www.grottes-medous.com\/fr\/wp-content\/uploads\/2015\/04\/parc.jpg 320w, https:\/\/www.grottes-medous.com\/fr\/wp-content\/uploads\/2015\/04\/parc-300x225.jpg 300w\" sizes=\"(max-width: 320px) 100vw, 320px\" \/><\/div><div class=\"col-md-4\"><img loading=\"lazy\" decoding=\"async\" class=\"alignnone wp-image-43 size-full\" title=\"Grottes de Medous : Le temple hindou\" src=\"http:\/\/www.grottes-medous.com\/fr\/wp-content\/uploads\/2015\/04\/grottes1.jpg\" alt=\"Grottes de Medous : Le temple hindou\" width=\"320\" height=\"240\" srcset=\"https:\/\/www.grottes-medous.com\/fr\/wp-content\/uploads\/2015\/04\/grottes1.jpg 320w, https:\/\/www.grottes-medous.com\/fr\/wp-content\/uploads\/2015\/04\/grottes1-300x225.jpg 300w\" sizes=\"(max-width: 320px) 100vw, 320px\" \/><\/div><div class=\"col-md-4\"><img loading=\"lazy\" decoding=\"async\" class=\"alignnone wp-image-44 size-full\" title=\"Grottes de Medous : la rivi\u00e8re tranquille\" src=\"http:\/\/www.grottes-medous.com\/fr\/wp-content\/uploads\/2015\/04\/grottes2.jpg\" alt=\"Grottes de Medous : la rivi\u00e8re tranquille\" width=\"320\" height=\"240\" srcset=\"https:\/\/www.grottes-medous.com\/fr\/wp-content\/uploads\/2015\/04\/grottes2.jpg 320w, https:\/\/www.grottes-medous.com\/fr\/wp-content\/uploads\/2015\/04\/grottes2-300x225.jpg 300w\" sizes=\"(max-width: 320px) 100vw, 320px\" \/><\/div><\/div>\n<p style=\"text-align: justify;\">Les Grottes de Medous sont divis\u00e9es en deux parties : une galerie inf\u00e9rieure dite \u00ab\u00a0<strong>Galerie S\u00e8che<\/strong>\u00a0\u00bb et une sup\u00e9rieure \u00ab\u00a0<strong>Galerie des Merveilles<\/strong>\u00ab\u00a0.<br \/>\nLa richesse des concr\u00e9tions, la beaut\u00e9 de la rivi\u00e8re souterraine, la structure de la grotte, l&#8217;emplacement exceptionnel de l&rsquo;entr\u00e9e jouissant d&rsquo;un cadre et d&rsquo;une facilit\u00e9 d&rsquo;acc\u00e8s unique sont autant d&rsquo;\u00e9l\u00e9ments qui assurent une valeur touristique de tout premier ordre. Tout au long du parcours, on peut d\u00e9couvrir les concr\u00e9tions les plus diverses : Stalactites, Stalagmites, Excentriques, Colonnes ou Gours et Cascades p\u00e9trifi\u00e9es.<\/p>\n<p style=\"text-align: justify;\">Si M\u00e9dous est aujourd\u2019hui consid\u00e9r\u00e9 comme un remarquable site touristique, les lieux ont d\u00e9j\u00e0 connu au cours des si\u00e8cles une notori\u00e9t\u00e9 d\u2019un autre ordre. Il fut jusqu\u2019\u00e0 la fin du XVIII si\u00e8cle un lieu de p\u00e8lerinage suite \u00e0 l\u2019apparition de la Vierge Marie \u00e0 une petite berg\u00e8re pr\u00e9nomm\u00e9e Liloye. La r\u00e9putation miraculeuse qu\u2019avait acquis M\u00e9dous a fait du site un des trois plus importants sanctuaires vou\u00e9s au culte marial dans le dioc\u00e8se de Tarbes-Lourdes. Avec la plus petite chapelle implant\u00e9e sur le site, d\u00e9di\u00e9e \u00e0 Notre Dame de M\u00e9dous, au mois d\u2019octobre 2000 \u00e0 l\u2019initiative de l&rsquo;\u00e9v\u00eaque de Tarbes-Lourdes, a eu lieu le p\u00e8lerinage dans le cadre des manifestations de l\u2019ann\u00e9e du Jubil\u00e9.<\/p>\n<p style=\"text-align: justify;\"><div class=\"row\"><div class=\"col-md-4\"><img loading=\"lazy\" decoding=\"async\" class=\"alignnone wp-image-54 size-full\" title=\"Chapelle de M\u00e9dous\" src=\"http:\/\/www.grottes-medous.com\/fr\/wp-content\/uploads\/2015\/04\/grottes3.jpg\" alt=\"Chapelle de M\u00e9dous\" width=\"320\" height=\"240\" srcset=\"https:\/\/www.grottes-medous.com\/fr\/wp-content\/uploads\/2015\/04\/grottes3.jpg 320w, https:\/\/www.grottes-medous.com\/fr\/wp-content\/uploads\/2015\/04\/grottes3-300x225.jpg 300w\" sizes=\"(max-width: 320px) 100vw, 320px\" \/><\/div><div class=\"col-md-4\"><img loading=\"lazy\" decoding=\"async\" class=\"alignnone wp-image-55 size-image-scale-with-grid\" title=\"Grottes de Medous\" src=\"http:\/\/www.grottes-medous.com\/fr\/wp-content\/uploads\/2015\/04\/grottes4.jpg\" alt=\"Grottes de Medous\" width=\"320\" height=\"240\" srcset=\"https:\/\/www.grottes-medous.com\/fr\/wp-content\/uploads\/2015\/04\/grottes4.jpg 320w, https:\/\/www.grottes-medous.com\/fr\/wp-content\/uploads\/2015\/04\/grottes4-300x225.jpg 300w\" sizes=\"(max-width: 320px) 100vw, 320px\" \/><\/div><div class=\"col-md-4\"><img loading=\"lazy\" decoding=\"async\" class=\"alignnone wp-image-56 size-full\" title=\"Grottes de Medous : Les grandes orgues\" src=\"http:\/\/www.grottes-medous.com\/fr\/wp-content\/uploads\/2015\/04\/grottes5.jpg\" alt=\"Grottes de Medous : Les grandes orgues\" width=\"320\" height=\"240\" srcset=\"https:\/\/www.grottes-medous.com\/fr\/wp-content\/uploads\/2015\/04\/grottes5.jpg 320w, https:\/\/www.grottes-medous.com\/fr\/wp-content\/uploads\/2015\/04\/grottes5-300x225.jpg 300w\" sizes=\"(max-width: 320px) 100vw, 320px\" \/><\/div><\/div>\n","protected":false},"excerpt":{"rendered":"<p>Les Grottes de Medous dans les Hautes-Pyr\u00e9n\u00e9es Class\u00e9es 3\u00e8me du monde par F. HERZOG, sont un v\u00e9ritable hommage \u00e0 la nature, \u00e0 son travail, \u00e0 sa beaut\u00e9. Avant de visiter les grottes de Medous, vous p\u00e9n\u00e9trerez dans le parc verdoyant, point de d\u00e9part et terminus de cette inoubliable visite. On y retrouve les beaux arbres [&hellip;]<\/p>\n","protected":false},"author":1,"featured_media":0,"parent":0,"menu_order":0,"comment_status":"closed","ping_status":"closed","template":"","meta":{"footnotes":""},"yoast_head":"<!-- This site is optimized with the Yoast SEO plugin v22.7 - https:\/\/yoast.com\/wordpress\/plugins\/seo\/ -->\n<title>Visite des grottes de medous Hautes-Pyr\u00e9n\u00e9es<\/title>\n<meta name=\"description\" content=\"Avec la visite des grottes de medous : richesse des concr\u00e9tions, beaut\u00e9 de la rivi\u00e8re souterraine, emplacement exceptionnel assurent une grande valeur touristique\" \/>\n<meta name=\"robots\" content=\"index, follow, max-snippet:-1, max-image-preview:large, max-video-preview:-1\" \/>\n<link rel=\"canonical\" href=\"https:\/\/www.grottes-medous.com\/fr\/visite-des-grottes-de-medous\/\" \/>\n<meta property=\"og:locale\" content=\"fr_FR\" \/>\n<meta property=\"og:type\" content=\"article\" \/>\n<meta property=\"og:title\" content=\"Visite des grottes de medous Hautes-Pyr\u00e9n\u00e9es\" \/>\n<meta property=\"og:description\" content=\"Avec la visite des grottes de medous : richesse des concr\u00e9tions, beaut\u00e9 de la rivi\u00e8re souterraine, emplacement exceptionnel assurent une grande valeur touristique\" \/>\n<meta property=\"og:url\" content=\"https:\/\/www.grottes-medous.com\/fr\/visite-des-grottes-de-medous\/\" \/>\n<meta property=\"og:site_name\" content=\"Grottes de M\u00e9dous\" \/>\n<meta property=\"article:modified_time\" content=\"2015-04-24T13:41:06+00:00\" \/>\n<meta property=\"og:image\" content=\"http:\/\/www.grottes-medous.com\/fr\/wp-content\/uploads\/2015\/04\/parc.jpg\" \/>\n<meta name=\"twitter:card\" content=\"summary_large_image\" \/>\n<meta name=\"twitter:label1\" content=\"Dur\u00e9e de lecture estim\u00e9e\" \/>\n\t<meta name=\"twitter:data1\" content=\"2 minutes\" \/>\n<script type=\"application\/ld+json\" class=\"yoast-schema-graph\">{\"@context\":\"https:\/\/schema.org\",\"@graph\":[{\"@type\":\"WebPage\",\"@id\":\"https:\/\/www.grottes-medous.com\/fr\/visite-des-grottes-de-medous\/\",\"url\":\"https:\/\/www.grottes-medous.com\/fr\/visite-des-grottes-de-medous\/\",\"name\":\"Visite des grottes de medous Hautes-Pyr\u00e9n\u00e9es\",\"isPartOf\":{\"@id\":\"https:\/\/www.grottes-medous.com\/fr\/#website\"},\"primaryImageOfPage\":{\"@id\":\"https:\/\/www.grottes-medous.com\/fr\/visite-des-grottes-de-medous\/#primaryimage\"},\"image\":{\"@id\":\"https:\/\/www.grottes-medous.com\/fr\/visite-des-grottes-de-medous\/#primaryimage\"},\"thumbnailUrl\":\"http:\/\/www.grottes-medous.com\/fr\/wp-content\/uploads\/2015\/04\/parc.jpg\",\"datePublished\":\"2015-04-22T12:26:04+00:00\",\"dateModified\":\"2015-04-24T13:41:06+00:00\",\"description\":\"Avec la visite des grottes de medous : richesse des concr\u00e9tions, beaut\u00e9 de la rivi\u00e8re souterraine, emplacement exceptionnel assurent une grande valeur touristique\",\"breadcrumb\":{\"@id\":\"https:\/\/www.grottes-medous.com\/fr\/visite-des-grottes-de-medous\/#breadcrumb\"},\"inLanguage\":\"fr-FR\",\"potentialAction\":[{\"@type\":\"ReadAction\",\"target\":[\"https:\/\/www.grottes-medous.com\/fr\/visite-des-grottes-de-medous\/\"]}]},{\"@type\":\"ImageObject\",\"inLanguage\":\"fr-FR\",\"@id\":\"https:\/\/www.grottes-medous.com\/fr\/visite-des-grottes-de-medous\/#primaryimage\",\"url\":\"http:\/\/www.grottes-medous.com\/fr\/wp-content\/uploads\/2015\/04\/parc.jpg\",\"contentUrl\":\"http:\/\/www.grottes-medous.com\/fr\/wp-content\/uploads\/2015\/04\/parc.jpg\"},{\"@type\":\"BreadcrumbList\",\"@id\":\"https:\/\/www.grottes-medous.com\/fr\/visite-des-grottes-de-medous\/#breadcrumb\",\"itemListElement\":[{\"@type\":\"ListItem\",\"position\":1,\"name\":\"Accueil\",\"item\":\"https:\/\/www.grottes-medous.com\/fr\/\"},{\"@type\":\"ListItem\",\"position\":2,\"name\":\"Visite des Grottes de M\u00e9dous\"}]},{\"@type\":\"WebSite\",\"@id\":\"https:\/\/www.grottes-medous.com\/fr\/#website\",\"url\":\"https:\/\/www.grottes-medous.com\/fr\/\",\"name\":\"Grottes de M\u00e9dous\",\"description\":\"\",\"potentialAction\":[{\"@type\":\"SearchAction\",\"target\":{\"@type\":\"EntryPoint\",\"urlTemplate\":\"https:\/\/www.grottes-medous.com\/fr\/?s={search_term_string}\"},\"query-input\":\"required name=search_term_string\"}],\"inLanguage\":\"fr-FR\"}]}<\/script>\n<!-- \/ Yoast SEO plugin. -->","yoast_head_json":{"title":"Visite des grottes de medous Hautes-Pyr\u00e9n\u00e9es","description":"Avec la visite des grottes de medous : richesse des concr\u00e9tions, beaut\u00e9 de la rivi\u00e8re souterraine, emplacement exceptionnel assurent une grande valeur touristique","robots":{"index":"index","follow":"follow","max-snippet":"max-snippet:-1","max-image-preview":"max-image-preview:large","max-video-preview":"max-video-preview:-1"},"canonical":"https:\/\/www.grottes-medous.com\/fr\/visite-des-grottes-de-medous\/","og_locale":"fr_FR","og_type":"article","og_title":"Visite des grottes de medous Hautes-Pyr\u00e9n\u00e9es","og_description":"Avec la visite des grottes de medous : richesse des concr\u00e9tions, beaut\u00e9 de la rivi\u00e8re souterraine, emplacement exceptionnel assurent une grande valeur touristique","og_url":"https:\/\/www.grottes-medous.com\/fr\/visite-des-grottes-de-medous\/","og_site_name":"Grottes de M\u00e9dous","article_modified_time":"2015-04-24T13:41:06+00:00","og_image":[{"url":"http:\/\/www.grottes-medous.com\/fr\/wp-content\/uploads\/2015\/04\/parc.jpg"}],"twitter_card":"summary_large_image","twitter_misc":{"Dur\u00e9e de lecture estim\u00e9e":"2 minutes"},"schema":{"@context":"https:\/\/schema.org","@graph":[{"@type":"WebPage","@id":"https:\/\/www.grottes-medous.com\/fr\/visite-des-grottes-de-medous\/","url":"https:\/\/www.grottes-medous.com\/fr\/visite-des-grottes-de-medous\/","name":"Visite des grottes de medous Hautes-Pyr\u00e9n\u00e9es","isPartOf":{"@id":"https:\/\/www.grottes-medous.com\/fr\/#website"},"primaryImageOfPage":{"@id":"https:\/\/www.grottes-medous.com\/fr\/visite-des-grottes-de-medous\/#primaryimage"},"image":{"@id":"https:\/\/www.grottes-medous.com\/fr\/visite-des-grottes-de-medous\/#primaryimage"},"thumbnailUrl":"http:\/\/www.grottes-medous.com\/fr\/wp-content\/uploads\/2015\/04\/parc.jpg","datePublished":"2015-04-22T12:26:04+00:00","dateModified":"2015-04-24T13:41:06+00:00","description":"Avec la visite des grottes de medous : richesse des concr\u00e9tions, beaut\u00e9 de la rivi\u00e8re souterraine, emplacement exceptionnel assurent une grande valeur touristique","breadcrumb":{"@id":"https:\/\/www.grottes-medous.com\/fr\/visite-des-grottes-de-medous\/#breadcrumb"},"inLanguage":"fr-FR","potentialAction":[{"@type":"ReadAction","target":["https:\/\/www.grottes-medous.com\/fr\/visite-des-grottes-de-medous\/"]}]},{"@type":"ImageObject","inLanguage":"fr-FR","@id":"https:\/\/www.grottes-medous.com\/fr\/visite-des-grottes-de-medous\/#primaryimage","url":"http:\/\/www.grottes-medous.com\/fr\/wp-content\/uploads\/2015\/04\/parc.jpg","contentUrl":"http:\/\/www.grottes-medous.com\/fr\/wp-content\/uploads\/2015\/04\/parc.jpg"},{"@type":"BreadcrumbList","@id":"https:\/\/www.grottes-medous.com\/fr\/visite-des-grottes-de-medous\/#breadcrumb","itemListElement":[{"@type":"ListItem","position":1,"name":"Accueil","item":"https:\/\/www.grottes-medous.com\/fr\/"},{"@type":"ListItem","position":2,"name":"Visite des Grottes de M\u00e9dous"}]},{"@type":"WebSite","@id":"https:\/\/www.grottes-medous.com\/fr\/#website","url":"https:\/\/www.grottes-medous.com\/fr\/","name":"Grottes de M\u00e9dous","description":"","potentialAction":[{"@type":"SearchAction","target":{"@type":"EntryPoint","urlTemplate":"https:\/\/www.grottes-medous.com\/fr\/?s={search_term_string}"},"query-input":"required name=search_term_string"}],"inLanguage":"fr-FR"}]}},"_links":{"self":[{"href":"https:\/\/www.grottes-medous.com\/fr\/wp-json\/wp\/v2\/pages\/7"}],"collection":[{"href":"https:\/\/www.grottes-medous.com\/fr\/wp-json\/wp\/v2\/pages"}],"about":[{"href":"https:\/\/www.grottes-medous.com\/fr\/wp-json\/wp\/v2\/types\/page"}],"author":[{"embeddable":true,"href":"https:\/\/www.grottes-medous.com\/fr\/wp-json\/wp\/v2\/users\/1"}],"replies":[{"embeddable":true,"href":"https:\/\/www.grottes-medous.com\/fr\/wp-json\/wp\/v2\/comments?post=7"}],"version-history":[{"count":27,"href":"https:\/\/www.grottes-medous.com\/fr\/wp-json\/wp\/v2\/pages\/7\/revisions"}],"predecessor-version":[{"id":96,"href":"https:\/\/www.grottes-medous.com\/fr\/wp-json\/wp\/v2\/pages\/7\/revisions\/96"}],"wp:attachment":[{"href":"https:\/\/www.grottes-medous.com\/fr\/wp-json\/wp\/v2\/media?parent=7"}],"curies":[{"name":"wp","href":"https:\/\/api.w.org\/{rel}","templated":true}]}}